{"id":193,"date":"2017-02-27T09:53:34","date_gmt":"2017-02-27T09:53:34","guid":{"rendered":"http:\/\/pixel-mafia.com\/demo\/wordpress-themes\/vincent\/?page_id=193"},"modified":"2023-07-02T12:21:33","modified_gmt":"2023-07-02T09:21:33","slug":"about-2","status":"publish","type":"page","link":"https:\/\/polentantuni.com\/site\/index.php\/about-2\/","title":{"rendered":"POLEN TANTUN\u0130 HAKKINDA"},"content":{"rendered":"<p>[vc_row][vc_column][vc_custom_heading text=&#8221;Polen Tantuni \/ Fark\u0131m\u0131z Kalitemizde, Ustal\u0131\u011f\u0131m\u0131zda&#8221; font_container=&#8221;tag:h2|text_align:center&#8221; use_theme_fonts=&#8221;yes&#8221;][vc_custom_heading text=&#8221;En iyi kalite malzeme ve tantuniye olan a\u015fk\u0131m\u0131z\u0131 birle\u015ftirdik. Ortaya m\u00fckemmel &#8220;Polen Tantuni&#8220; lezzeti \u00e7\u0131kt\u0131. Polen Tantuni daima en iyisini sunma felsefesiyle yola \u00e7\u0131kt\u0131. Biz inan\u0131yoruz ki lezzetlerimizi bir kez tadan tantunide ba\u015fka bir tad aramayacak!&#8221; font_container=&#8221;tag:h6|text_align:center|line_height:32px&#8221; use_theme_fonts=&#8221;yes&#8221; css=&#8221;.vc_custom_1560105040742{margin-bottom: 40px !important;padding-right: 10px !important;padding-left: 10px !important;}&#8221;][vc_single_image image=&#8221;221&#8243; img_size=&#8221;full&#8221; alignment=&#8221;center&#8221; css=&#8221;.vc_custom_1488793314360{margin-bottom: 20px !important;}&#8221;][vc_column_text css_animation=&#8221;fadeIn&#8221;]<\/p>\n<p style=\"text-align: center;\">POLEN TANTUN\u0130, 1 Eyl\u00fcl 2016 tarihinden itibaren HGL GIDA T\u0130C. LTD. \u015eT\u0130. \u00fcnvanl\u0131 \u015firket b\u00fcnyesinde, yeni bir olu\u015fum olarak T\u00fcrkiye\u2019nin kalbi Ankara\u2019da hizmet vermeye devam etmektedir. Ankamall Al\u0131\u015fveri\u015f Merkezi\u2019nde hizmet hayat\u0131na at\u0131lm\u0131\u015f, \u00fcretti\u011fi geleneksel lezzeti de\u011ferli misafirlerinin de katk\u0131s\u0131yla t\u00fcm Ankara\u2019ya duyurmay\u0131 ba\u015farm\u0131\u015ft\u0131r.<\/p>\n<p>Polen Tantuni b\u00fcy\u00fck be\u011feni toplayan hizmet anlay\u0131\u015f\u0131, g\u00fcvenilirli\u011fi ve de\u011fi\u015fmez lezzeti sayesinde 2016 y\u0131l\u0131nda yurt i\u00e7i ve yurt d\u0131\u015f\u0131ndan gelen talepleri kar\u015f\u0131lamak amac\u0131yla; Franchise y\u00f6ntemiyle yeni hizmet noktalar\u0131n\u0131 a\u00e7maya ba\u015flam\u0131\u015ft\u0131r.<\/p>\n<p>Firmam\u0131z, ISO 9001:2008 Kalite Y\u00f6netim Sistemi ve ISO 22000:2005 G\u0131da G\u00fcvenli\u011fi Y\u00f6netim Sistemlerinin kurulmas\u0131, i\u015fletilmesi ve geli\u015ftirilmesi i\u00e7in her fedakarl\u0131\u011f\u0131 yapacak, belirli e\u011fitim program\u0131 \u00e7er\u00e7evesinde s\u00fcreklili\u011fi sa\u011flayacakt\u0131r.[\/vc_column_text][\/vc_column][\/vc_row][vc_row full_width=&#8221;stretch_row&#8221; equal_height=&#8221;yes&#8221; css=&#8221;.vc_custom_1490180976136{margin-top: 0px !important;margin-right: 0px !important;margin-bottom: 0px !important;margin-left: 0px !important;padding-top: 0px !important;padding-right: 0px !important;padding-bottom: 0px !important;padding-left: 0px !important;}&#8221;][vc_column width=&#8221;1\/3&#8243; css=&#8221;.vc_custom_1561152373507{padding-top: 0px !important;padding-right: 0px !important;padding-bottom: 0px !important;padding-left: 0px !important;background-image: url(https:\/\/polentantuni.com\/site\/wp-content\/uploads\/2019\/05\/IMG_0030-1.jpg?id=2474) !important;background-position: center !important;background-repeat: no-repeat !important;background-size: cover !important;}&#8221;][vc_empty_space height=&#8221;300px&#8221;][\/vc_column][vc_column width=&#8221;1\/3&#8243; css=&#8221;.vc_custom_1488806059363{padding-top: 0px !important;padding-right: 0px !important;padding-bottom: 0px !important;padding-left: 0px !important;}&#8221;][pm_vc_iconbox icon_image_type=&#8221;2537&#8243; iconbox_heading=&#8221;V\u0130ZYONUMUZ&#8221; iconbox_text=&#8221;T\u00fcm misafirimize; her ziyaretinde geleneksel lezzeti &#8220;POLEN TANTUN\u0130&#8220; ayr\u0131cal\u0131\u011f\u0131yla sunmak.&#8221; iconbox_heading_color=&#8221;#ffffff&#8221; iconbox_text_color=&#8221;#dce4e8&#8243; iconbox_bg_color=&#8221;#1d2326&#8243; custom_css=&#8221;.vc_custom_1559240782308{margin-bottom: 0px !important;padding-top: 115px !important;padding-right: 100px !important;padding-bottom: 156px !important;padding-left: 100px !important;}&#8221;][\/vc_column][vc_column width=&#8221;1\/3&#8243; css=&#8221;.vc_custom_1561152627592{padding-top: 0px !important;padding-right: 0px !important;padding-bottom: 0px !important;padding-left: 0px !important;background-image: url(https:\/\/polentantuni.com\/site\/wp-content\/uploads\/2019\/05\/IMG_0026-1.jpg?id=2473) !important;background-position: center !important;background-repeat: no-repeat !important;background-size: cover !important;}&#8221;][vc_empty_space height=&#8221;300px&#8221;][\/vc_column][\/vc_row][vc_row full_width=&#8221;stretch_row&#8221; equal_height=&#8221;yes&#8221; css=&#8221;.vc_custom_1490181139034{margin-top: 0px !important;margin-right: 0px !important;margin-bottom: 0px !important;margin-left: 0px !important;padding-top: 0px !important;padding-right: 0px !important;padding-bottom: 0px !important;padding-left: 0px !important;}&#8221;][vc_column width=&#8221;1\/3&#8243; css=&#8221;.vc_custom_1488806051517{padding-top: 0px !important;padding-right: 0px !important;padding-bottom: 0px !important;padding-left: 0px !important;}&#8221;][pm_vc_iconbox icon_image_type=&#8221;2537&#8243; iconbox_heading=&#8221;M\u0130SYONUMUZ&#8221; iconbox_text=&#8221;Ankara&#8217; dan T\u00fcrkiye&#8217; ye T\u00fcrkiye&#8217; den D\u00fcnya&#8217; ya a\u00e7\u0131larak kulvar\u0131nda lider marka olmak.&#8221; iconbox_heading_color=&#8221;#ffffff&#8221; iconbox_text_color=&#8221;#dce4e8&#8243; iconbox_bg_color=&#8221;#1d2326&#8243; custom_css=&#8221;.vc_custom_1559240949578{margin-bottom: 0px !important;padding-top: 115px !important;padding-right: 100px !important;padding-bottom: 156px !important;padding-left: 100px !important;}&#8221;][\/vc_column][vc_column width=&#8221;1\/3&#8243; css=&#8221;.vc_custom_1561152649134{padding-top: 0px !important;padding-right: 0px !important;padding-bottom: 0px !important;padding-left: 0px !important;background-image: url(https:\/\/polentantuni.com\/site\/wp-content\/uploads\/2019\/05\/IMG_0062-1.jpg?id=2477) !important;background-position: center !important;background-repeat: no-repeat !important;background-size: cover !important;}&#8221;][vc_empty_space height=&#8221;300px&#8221;][\/vc_column][vc_column width=&#8221;1\/3&#8243; css=&#8221;.vc_custom_1488806067635{padding-top: 0px !important;padding-right: 0px !important;padding-bottom: 0px !important;padding-left: 0px !important;}&#8221;][pm_vc_iconbox icon_image_type=&#8221;2537&#8243; iconbox_heading=&#8221;\u0130LKELER&#8221; iconbox_text=&#8221;\u0130\u015f ahlak\u0131 ve etik de\u011ferler vazge\u00e7ilmezlerimizdir. En \u00f6nemli sermayemiz; Daima gen\u00e7 dinamik ve G\u00fcl\u00fcmseyen Personelimizle sa\u011fl\u0131kl\u0131 ve kaliteli yiyecekler sunmak ve m\u00fc\u015fterilerimizin memnuniyetini kal\u0131c\u0131 k\u0131lmakt\u0131r!&#8221; iconbox_heading_color=&#8221;#ffffff&#8221; iconbox_text_color=&#8221;#dce4e8&#8243; iconbox_bg_color=&#8221;#1d2326&#8243; custom_css=&#8221;.vc_custom_1560104190742{margin-bottom: 0px !important;padding-top: 115px !important;padding-right: 100px !important;padding-bottom: 156px !important;padding-left: 100px !important;}&#8221;][\/vc_column][\/vc_row][vc_row full_width=&#8221;stretch_row&#8221; parallax=&#8221;content-moving&#8221; parallax_image=&#8221;309&#8243; css=&#8221;.vc_custom_1488880276489{margin-bottom: 65px !important;padding-top: 63px !important;padding-bottom: 67px !important;}&#8221;][vc_column width=&#8221;1\/3&#8243;][pm_vc_counter counter_count=&#8221;10&#8243; counter_title=&#8221;\u00dcr\u00fcn \u00c7e\u015fidi&#8221; counter_count_color=&#8221;#121618&#8243; counter_title_color=&#8221;#121618&#8243;][\/vc_column][vc_column width=&#8221;1\/3&#8243;][pm_vc_counter counter_count=&#8221;2500&#8243; counter_title=&#8221;G\u00fcnl\u00fck Ziyaret\u00e7i&#8221; counter_icon=&#8221;fa fa-plus&#8221; counter_count_color=&#8221;#121618&#8243; counter_title_color=&#8221;#121618&#8243; counter_icon_status=&#8221;true&#8221;][\/vc_column][vc_column width=&#8221;1\/3&#8243;][pm_vc_counter counter_count=&#8221;7&#8243; counter_title=&#8221;Y\u0131ll\u0131k deneyim&#8221; counter_count_color=&#8221;#121618&#8243; counter_title_color=&#8221;#121618&#8243;][\/vc_column][\/vc_row][vc_row full_width=&#8221;stretch_row_content&#8221; css=&#8221;.vc_custom_1488897734427{margin-bottom: 9px !important;}&#8221;][vc_column css=&#8221;.vc_custom_1488891139949{padding-right: 30px !important;padding-left: 90px !important;}&#8221;][\/vc_column][\/vc_row]<\/p>\n","protected":false},"excerpt":{"rendered":"<p>[vc_row][vc_column][vc_custom_heading text=&#8221;Polen Tantuni \/ Fark\u0131m\u0131z Kalitemizde, Ustal\u0131\u011f\u0131m\u0131zda&#8221; font_container=&#8221;tag:h2|text_align:center&#8221; use_theme_fonts=&#8221;yes&#8221;][vc_custom_heading text=&#8221;En iyi kalite malzeme ve tantuniye olan a\u015fk\u0131m\u0131z\u0131 birle\u015ftirdik. Ortaya m\u00fckemmel &#8220;Polen Tantuni&#8220; lezzeti \u00e7\u0131kt\u0131. Polen Tantuni daima en iyisini sunma felsefesiyle yola \u00e7\u0131kt\u0131. Biz inan\u0131yoruz ki lezzetlerimizi bir kez tadan tantunide ba\u015fka bir tad aramayacak!&#8221; font_container=&#8221;tag:h6|text_align:center|line_height:32px&#8221; use_theme_fonts=&#8221;yes&#8221; css=&#8221;.vc_custom_1560105040742{margin-bottom: 40px !important;padding-right: 10px !important;padding-left: 10px !important;}&#8221;][vc_single_image image=&#8221;221&#8243; [&hellip;]<\/p>\n","protected":false},"author":1,"featured_media":0,"parent":0,"menu_order":0,"comment_status":"closed","ping_status":"closed","template":"","meta":{"footnotes":""},"class_list":["post-193","page","type-page","status-publish","hentry"],"_links":{"self":[{"href":"https:\/\/polentantuni.com\/site\/index.php\/wp-json\/wp\/v2\/pages\/193","targetHints":{"allow":["GET"]}}],"collection":[{"href":"https:\/\/polentantuni.com\/site\/index.php\/wp-json\/wp\/v2\/pages"}],"about":[{"href":"https:\/\/polentantuni.com\/site\/index.php\/wp-json\/wp\/v2\/types\/page"}],"author":[{"embeddable":true,"href":"https:\/\/polentantuni.com\/site\/index.php\/wp-json\/wp\/v2\/users\/1"}],"replies":[{"embeddable":true,"href":"https:\/\/polentantuni.com\/site\/index.php\/wp-json\/wp\/v2\/comments?post=193"}],"version-history":[{"count":32,"href":"https:\/\/polentantuni.com\/site\/index.php\/wp-json\/wp\/v2\/pages\/193\/revisions"}],"predecessor-version":[{"id":2851,"href":"https:\/\/polentantuni.com\/site\/index.php\/wp-json\/wp\/v2\/pages\/193\/revisions\/2851"}],"wp:attachment":[{"href":"https:\/\/polentantuni.com\/site\/index.php\/wp-json\/wp\/v2\/media?parent=193"}],"curies":[{"name":"wp","href":"https:\/\/api.w.org\/{rel}","templated":true}]}}