{"id":423,"date":"2017-03-09T14:10:28","date_gmt":"2017-03-09T14:10:28","guid":{"rendered":"http:\/\/pixel-mafia.com\/demo\/wordpress-themes\/vincent\/?page_id=423"},"modified":"2025-07-26T13:28:46","modified_gmt":"2025-07-26T10:28:46","slug":"coutact-us","status":"publish","type":"page","link":"https:\/\/polentantuni.com\/site\/index.php\/coutact-us\/","title":{"rendered":"\u0130leti\u015fim"},"content":{"rendered":"<p>[vc_row full_width=&#8221;stretch_row_content&#8221; full_height=&#8221;yes&#8221; equal_height=&#8221;yes&#8221; css=&#8221;.vc_custom_1561200150920{margin-bottom: 65px !important;padding-top: 0px !important;background: #f9f9f9 url(https:\/\/polentantuni.com\/site\/wp-content\/uploads\/2019\/06\/arkaplan.png?id=2752) !important;}&#8221;][vc_column width=&#8221;1\/2&#8243; css=&#8221;.vc_custom_1561200244098{background-color: rgba(249,249,249,0.01) !important;*background-color: rgb(249,249,249) !important;}&#8221;][vc_custom_heading text=&#8221;Bize Ula\u015f\u0131n&#8221; font_container=&#8221;tag:h1|text_align:center|color:%23000000&#8243; use_theme_fonts=&#8221;yes&#8221; css=&#8221;.vc_custom_1561200268507{margin-bottom: 44px !important;background-color: rgba(249,249,249,0.01) !important;*background-color: rgb(249,249,249) !important;}&#8221;][vc_column_text css=&#8221;.vc_custom_1753525712035{padding-left: 40px !important;}&#8221;]<\/p>\n<h5 style=\"text-align: left;\"><span style=\"color: #121618;\">Soru, g\u00f6r\u00fc\u015f ve \u00f6nerileriniz i\u00e7in ileti\u015fim formunu ve telefon numaralar\u0131n\u0131 kullanabilirsiniz.<\/span><\/h5>\n<p style=\"text-align: left;\"><span style=\"color: #121618;\"><br \/>\nMevlana Bulvar\u0131 Ankamall Al\u0131\u015fveri\u015f Merkezi<br \/>\nNo: 2\/2002 Akk\u00f6pr\u00fc &#8211; Yenimahalle \/ ANKARA<\/span><\/p>\n<p>&nbsp;<\/p>\n<p style=\"text-align: left;\"><span style=\"color: #121618;\"><br \/>\n<strong>G\u00f6kt\u00fcrk ERGEN\u00c7<\/strong><br \/>\nY\u00f6netim Kurulu Ba\u015fkan\u0131<\/span><\/p>\n<p style=\"text-align: left;\"><span style=\"color: #121618;\">&#8212;&#8212;&#8212;&#8212;&#8212;<br \/>\nTelefon: +90 552 675 9090<br \/>\nTelefon: (0312) 541 11 20 (AnkaMall AVM)<br \/>\nE-mail: info@polentantuni.com<br \/>\n<\/span><\/p>\n<p>&nbsp;<\/p>\n<p style=\"text-align: left;\"><span style=\"color: #121618;\"><strong>Melis BERK<\/strong><br \/>\nKurumsal Marka Dan\u0131\u015fman\u0131<\/span><\/p>\n<p style=\"text-align: left;\"><span style=\"color: #121618;\">&#8212;&#8212;&#8212;&#8212;&#8212;<br \/>\nTelefon: +90 541 355 9090 (NextLevel AVM)<br \/>\n<\/span><\/p>\n<p>[\/vc_column_text][\/vc_column][vc_column width=&#8221;1\/2&#8243; css=&#8221;.vc_custom_1561200195097{background-color: rgba(249,249,249,0.01) !important;*background-color: rgb(249,249,249) !important;}&#8221;][vc_column_text css=&#8221;.vc_custom_1561200460115{background-color: rgba(249,249,249,0.01) !important;*background-color: rgb(249,249,249) !important;}&#8221;]<\/p>\n<h4>\n<div class=\"wpcf7 no-js\" id=\"wpcf7-f4-o1\" lang=\"en-US\" dir=\"ltr\" data-wpcf7-id=\"4\">\n<div class=\"screen-reader-response\"><p role=\"status\" aria-live=\"polite\" aria-atomic=\"true\"><\/p> <ul><\/ul><\/div>\n<form action=\"\/site\/index.php\/wp-json\/wp\/v2\/pages\/423#wpcf7-f4-o1\" method=\"post\" class=\"wpcf7-form init\" aria-label=\"Contact form\" novalidate=\"novalidate\" data-status=\"init\">\n<fieldset class=\"hidden-fields-container\"><input type=\"hidden\" name=\"_wpcf7\" value=\"4\" \/><input type=\"hidden\" name=\"_wpcf7_version\" value=\"6.1.5\" \/><input type=\"hidden\" name=\"_wpcf7_locale\" value=\"en_US\" \/><input type=\"hidden\" name=\"_wpcf7_unit_tag\" value=\"wpcf7-f4-o1\" \/><input type=\"hidden\" name=\"_wpcf7_container_post\" value=\"0\" \/><input type=\"hidden\" name=\"_wpcf7_posted_data_hash\" value=\"\" \/><input type=\"hidden\" name=\"_wpcf7_recaptcha_response\" value=\"\" \/>\n<\/fieldset>\n<div class=\"vincent_reserve_form\">\n\t<div class=\"vincent_input_cont_half_width\">\n\t\t<p><span class=\"wpcf7-form-control-wrap\" data-name=\"your-name\"><input size=\"40\" maxlength=\"400\" class=\"wpcf7-form-control wpcf7-text wpcf7-validates-as-required\" aria-required=\"true\" aria-invalid=\"false\" placeholder=\"\u0130sim\" value=\"\" type=\"text\" name=\"your-name\" \/><\/span>\n\t\t<\/p>\n\t<\/div>\n\t<div class=\"vincent_input_cont_half_width\">\n\t\t<p><span class=\"wpcf7-form-control-wrap\" data-name=\"your-phone\"><input size=\"40\" maxlength=\"400\" class=\"wpcf7-form-control wpcf7-text wpcf7-validates-as-required\" aria-required=\"true\" aria-invalid=\"false\" placeholder=\"Telefon\" value=\"\" type=\"text\" name=\"your-phone\" \/><\/span>\n\t\t<\/p>\n\t<\/div>\n\t<div class=\"vincent_input_cont_half_width\">\n\t\t<p><span class=\"wpcf7-form-control-wrap\" data-name=\"date\"><input size=\"40\" maxlength=\"400\" class=\"wpcf7-form-control wpcf7-text wpcf7-validates-as-required\" aria-required=\"true\" aria-invalid=\"false\" placeholder=\"Tarih\" value=\"\" type=\"text\" name=\"date\" \/><\/span>\n\t\t<\/p>\n\t<\/div>\n\t<div class=\"vincent_input_cont_half_width\">\n\t\t<p><span class=\"wpcf7-form-control-wrap\" data-name=\"your-email\"><input size=\"40\" maxlength=\"400\" class=\"wpcf7-form-control wpcf7-text wpcf7-validates-as-required\" aria-required=\"true\" aria-invalid=\"false\" placeholder=\"email\" value=\"\" type=\"text\" name=\"your-email\" \/><\/span>\n\t\t<\/p>\n\t<\/div>\n\t<div>\n\t\t<p><span class=\"wpcf7-form-control-wrap\" data-name=\"your-message\"><textarea cols=\"40\" rows=\"10\" maxlength=\"2000\" class=\"wpcf7-form-control wpcf7-textarea\" aria-invalid=\"false\" placeholder=\"Mesaj\" name=\"your-message\"><\/textarea><\/span>\n\t\t<\/p>\n\t<\/div>\n\t<div class=\"vincent_reserve_submit\">\n\t\t<p><input class=\"wpcf7-form-control wpcf7-submit has-spinner\" type=\"submit\" value=\"G\u00d6NDER\" \/>\n\t\t<\/p>\n\t<\/div>\n<\/div><p style=\"display: none !important;\" class=\"akismet-fields-container\" data-prefix=\"_wpcf7_ak_\"><label>&#916;<textarea name=\"_wpcf7_ak_hp_textarea\" cols=\"45\" rows=\"8\" maxlength=\"100\"><\/textarea><\/label><input type=\"hidden\" id=\"ak_js_1\" name=\"_wpcf7_ak_js\" value=\"156\"\/><script type=\"text\/javascript\">\n\/* <![CDATA[ *\/\ndocument.getElementById( \"ak_js_1\" ).setAttribute( \"value\", ( new Date() ).getTime() );\n\/* ]]> *\/\n<\/script>\n<\/p><div class=\"wpcf7-response-output\" aria-hidden=\"true\"><\/div>\n<\/form>\n<\/div>\n<\/h4>\n<p>[\/vc_column_text][vc_row_inner][vc_column_inner][pm_vc_custom_map custom_map_code=&#8221;JTNDaWZyYW1lJTIwc3JjJTNEJTIyaHR0cHMlM0ElMkYlMkZzbmF6enltYXBzLmNvbSUyRmVtYmVkJTJGMTU5MzI3JTIyJTIwd2lkdGglM0QlMjIxMDAlMjUlMjIlMjBoZWlnaHQlM0QlMjI2MDBweCUyMiUyMHN0eWxlJTNEJTIyYm9yZGVyJTNBbm9uZSUzQiUyMiUzRSUzQyUyRmlmcmFtZSUzRQ==&#8221; custom_map_height=&#8221;400px&#8221;][\/vc_column_inner][\/vc_row_inner][\/vc_column][\/vc_row][vc_row][vc_column width=&#8221;1\/2&#8243;][\/vc_column][vc_column width=&#8221;1\/2&#8243;][\/vc_column][\/vc_row]<\/p>\n","protected":false},"excerpt":{"rendered":"<p>[vc_row full_width=&#8221;stretch_row_content&#8221; full_height=&#8221;yes&#8221; equal_height=&#8221;yes&#8221; css=&#8221;.vc_custom_1561200150920{margin-bottom: 65px !important;padding-top: 0px !important;background: #f9f9f9 url(https:\/\/polentantuni.com\/site\/wp-content\/uploads\/2019\/06\/arkaplan.png?id=2752) !important;}&#8221;][vc_column width=&#8221;1\/2&#8243; css=&#8221;.vc_custom_1561200244098{background-color: rgba(249,249,249,0.01) !important;*background-color: rgb(249,249,249) !important;}&#8221;][vc_custom_heading text=&#8221;Bize Ula\u015f\u0131n&#8221; font_container=&#8221;tag:h1|text_align:center|color:%23000000&#8243; use_theme_fonts=&#8221;yes&#8221; css=&#8221;.vc_custom_1561200268507{margin-bottom: 44px !important;background-color: rgba(249,249,249,0.01) !important;*background-color: rgb(249,249,249) !important;}&#8221;][vc_column_text css=&#8221;.vc_custom_1753525712035{padding-left: 40px !important;}&#8221;] Soru, g\u00f6r\u00fc\u015f ve \u00f6nerileriniz i\u00e7in ileti\u015fim formunu ve telefon numaralar\u0131n\u0131 kullanabilirsiniz. Mevlana Bulvar\u0131 Ankamall Al\u0131\u015fveri\u015f Merkezi No: 2\/2002 Akk\u00f6pr\u00fc &#8211; Yenimahalle \/ ANKARA [&hellip;]<\/p>\n","protected":false},"author":1,"featured_media":0,"parent":0,"menu_order":0,"comment_status":"closed","ping_status":"closed","template":"","meta":{"footnotes":""},"class_list":["post-423","page","type-page","status-publish","hentry"],"_links":{"self":[{"href":"https:\/\/polentantuni.com\/site\/index.php\/wp-json\/wp\/v2\/pages\/423","targetHints":{"allow":["GET"]}}],"collection":[{"href":"https:\/\/polentantuni.com\/site\/index.php\/wp-json\/wp\/v2\/pages"}],"about":[{"href":"https:\/\/polentantuni.com\/site\/index.php\/wp-json\/wp\/v2\/types\/page"}],"author":[{"embeddable":true,"href":"https:\/\/polentantuni.com\/site\/index.php\/wp-json\/wp\/v2\/users\/1"}],"replies":[{"embeddable":true,"href":"https:\/\/polentantuni.com\/site\/index.php\/wp-json\/wp\/v2\/comments?post=423"}],"version-history":[{"count":19,"href":"https:\/\/polentantuni.com\/site\/index.php\/wp-json\/wp\/v2\/pages\/423\/revisions"}],"predecessor-version":[{"id":2857,"href":"https:\/\/polentantuni.com\/site\/index.php\/wp-json\/wp\/v2\/pages\/423\/revisions\/2857"}],"wp:attachment":[{"href":"https:\/\/polentantuni.com\/site\/index.php\/wp-json\/wp\/v2\/media?parent=423"}],"curies":[{"name":"wp","href":"https:\/\/api.w.org\/{rel}","templated":true}]}}