{"id":2487,"date":"2019-05-29T22:06:48","date_gmt":"2019-05-29T19:06:48","guid":{"rendered":"https:\/\/polentantuni.com\/site\/?post_type=product&#038;p=2487"},"modified":"2022-04-16T16:38:24","modified_gmt":"2022-04-16T13:38:24","slug":"tavuk-lavas","status":"publish","type":"product","link":"https:\/\/polentantuni.com\/site\/index.php\/urun\/tavuk-lavas\/","title":{"rendered":"Tavuk Lava\u015f"},"content":{"rendered":"<p>D\u00fcr\u00fcm ekmek aras\u0131nda tavuk severlerin vazge\u00e7ilmezi olacak tantuni muhte\u015fem baharatlar\u0131yla birle\u015ferek daha yo\u011fun bir tat ile sizlerle.<\/p>\n","protected":false},"excerpt":{"rendered":"<p>D\u00fcr\u00fcm ekmek aras\u0131nda tavuk severlerin vazge\u00e7ilmezi olacak tantuni muhte\u015fem baharatlar\u0131yla birle\u015ferek daha yo\u011fun bir tat ile sizlerle.<\/p>\n","protected":false},"featured_media":2477,"template":"","meta":[],"product_brand":[],"product_cat":[98],"product_tag":[],"class_list":{"0":"post-2487","1":"product","2":"type-product","3":"status-publish","4":"has-post-thumbnail","6":"product_cat-tum-lezzetler","8":"first","9":"instock","10":"shipping-taxable","11":"product-type-simple"},"_links":{"self":[{"href":"https:\/\/polentantuni.com\/site\/index.php\/wp-json\/wp\/v2\/product\/2487","targetHints":{"allow":["GET"]}}],"collection":[{"href":"https:\/\/polentantuni.com\/site\/index.php\/wp-json\/wp\/v2\/product"}],"about":[{"href":"https:\/\/polentantuni.com\/site\/index.php\/wp-json\/wp\/v2\/types\/product"}],"wp:featuredmedia":[{"embeddable":true,"href":"https:\/\/polentantuni.com\/site\/index.php\/wp-json\/wp\/v2\/media\/2477"}],"wp:attachment":[{"href":"https:\/\/polentantuni.com\/site\/index.php\/wp-json\/wp\/v2\/media?parent=2487"}],"wp:term":[{"taxonomy":"product_brand","embeddable":true,"href":"https:\/\/polentantuni.com\/site\/index.php\/wp-json\/wp\/v2\/product_brand?post=2487"},{"taxonomy":"product_cat","embeddable":true,"href":"https:\/\/polentantuni.com\/site\/index.php\/wp-json\/wp\/v2\/product_cat?post=2487"},{"taxonomy":"product_tag","embeddable":true,"href":"https:\/\/polentantuni.com\/site\/index.php\/wp-json\/wp\/v2\/product_tag?post=2487"}],"curies":[{"name":"wp","href":"https:\/\/api.w.org\/{rel}","templated":true}]}}