{"id":2826,"date":"2022-04-16T17:32:03","date_gmt":"2022-04-16T14:32:03","guid":{"rendered":"https:\/\/polentantuni.com\/site\/?post_type=product&#038;p=2826"},"modified":"2025-07-26T13:37:07","modified_gmt":"2025-07-26T10:37:07","slug":"soslu-kofte","status":"publish","type":"product","link":"https:\/\/polentantuni.com\/site\/index.php\/urun\/soslu-kofte\/","title":{"rendered":"Yo\u011furtlu Soslu K\u00f6fte"},"content":{"rendered":"<p>Geleneksel lezzetimiz, bize \u00f6zel k\u00f6ftemiz ve bol sosumuz ile bir ba\u015fka noktaya ta\u015f\u0131n\u0131yor.<\/p>\n","protected":false},"excerpt":{"rendered":"<p>Geleneksel lezzetimiz, bize \u00f6zel k\u00f6ftemiz ve bol sosumuz ile bir ba\u015fka noktaya ta\u015f\u0131n\u0131yor.<\/p>\n","protected":false},"featured_media":2828,"template":"","meta":[],"product_brand":[],"product_cat":[98],"product_tag":[],"class_list":{"0":"post-2826","1":"product","2":"type-product","3":"status-publish","4":"has-post-thumbnail","6":"product_cat-tum-lezzetler","8":"first","9":"instock","10":"shipping-taxable","11":"product-type-simple"},"_links":{"self":[{"href":"https:\/\/polentantuni.com\/site\/index.php\/wp-json\/wp\/v2\/product\/2826","targetHints":{"allow":["GET"]}}],"collection":[{"href":"https:\/\/polentantuni.com\/site\/index.php\/wp-json\/wp\/v2\/product"}],"about":[{"href":"https:\/\/polentantuni.com\/site\/index.php\/wp-json\/wp\/v2\/types\/product"}],"wp:featuredmedia":[{"embeddable":true,"href":"https:\/\/polentantuni.com\/site\/index.php\/wp-json\/wp\/v2\/media\/2828"}],"wp:attachment":[{"href":"https:\/\/polentantuni.com\/site\/index.php\/wp-json\/wp\/v2\/media?parent=2826"}],"wp:term":[{"taxonomy":"product_brand","embeddable":true,"href":"https:\/\/polentantuni.com\/site\/index.php\/wp-json\/wp\/v2\/product_brand?post=2826"},{"taxonomy":"product_cat","embeddable":true,"href":"https:\/\/polentantuni.com\/site\/index.php\/wp-json\/wp\/v2\/product_cat?post=2826"},{"taxonomy":"product_tag","embeddable":true,"href":"https:\/\/polentantuni.com\/site\/index.php\/wp-json\/wp\/v2\/product_tag?post=2826"}],"curies":[{"name":"wp","href":"https:\/\/api.w.org\/{rel}","templated":true}]}}