{"id":2831,"date":"2022-04-16T17:35:09","date_gmt":"2022-04-16T14:35:09","guid":{"rendered":"https:\/\/polentantuni.com\/site\/?post_type=product&#038;p=2831"},"modified":"2022-04-16T17:35:18","modified_gmt":"2022-04-16T14:35:18","slug":"cigkofte-durum-2","status":"publish","type":"product","link":"https:\/\/polentantuni.com\/site\/index.php\/urun\/cigkofte-durum-2\/","title":{"rendered":"\u00c7i\u011fk\u00f6fte D\u00fcr\u00fcm"},"content":{"rendered":"<p>Bol ye\u015fillikleriyle \u00e7i\u011f k\u00f6ftenin en lezzetlisini tadabilece\u011finiz etsiz \u00e7i\u011f k\u00f6fte.<\/p>\n","protected":false},"excerpt":{"rendered":"<p>Bol ye\u015fillikleriyle \u00e7i\u011f k\u00f6ftenin en lezzetlisini tadabilece\u011finiz etsiz \u00e7i\u011f k\u00f6fte.<\/p>\n","protected":false},"featured_media":2472,"template":"","meta":[],"product_brand":[],"product_cat":[98],"product_tag":[],"class_list":{"0":"post-2831","1":"product","2":"type-product","3":"status-publish","4":"has-post-thumbnail","6":"product_cat-tum-lezzetler","8":"first","9":"instock","10":"shipping-taxable","11":"product-type-simple"},"_links":{"self":[{"href":"https:\/\/polentantuni.com\/site\/index.php\/wp-json\/wp\/v2\/product\/2831","targetHints":{"allow":["GET"]}}],"collection":[{"href":"https:\/\/polentantuni.com\/site\/index.php\/wp-json\/wp\/v2\/product"}],"about":[{"href":"https:\/\/polentantuni.com\/site\/index.php\/wp-json\/wp\/v2\/types\/product"}],"wp:featuredmedia":[{"embeddable":true,"href":"https:\/\/polentantuni.com\/site\/index.php\/wp-json\/wp\/v2\/media\/2472"}],"wp:attachment":[{"href":"https:\/\/polentantuni.com\/site\/index.php\/wp-json\/wp\/v2\/media?parent=2831"}],"wp:term":[{"taxonomy":"product_brand","embeddable":true,"href":"https:\/\/polentantuni.com\/site\/index.php\/wp-json\/wp\/v2\/product_brand?post=2831"},{"taxonomy":"product_cat","embeddable":true,"href":"https:\/\/polentantuni.com\/site\/index.php\/wp-json\/wp\/v2\/product_cat?post=2831"},{"taxonomy":"product_tag","embeddable":true,"href":"https:\/\/polentantuni.com\/site\/index.php\/wp-json\/wp\/v2\/product_tag?post=2831"}],"curies":[{"name":"wp","href":"https:\/\/api.w.org\/{rel}","templated":true}]}}